{"id":183,"date":"2015-09-16T05:04:00","date_gmt":"2015-09-16T05:04:00","guid":{"rendered":"http:\/\/antoniovegaconstructor.com\/?page_id=183"},"modified":"2015-09-22T14:10:31","modified_gmt":"2015-09-22T14:10:31","slug":"guardons-distincions","status":"publish","type":"page","link":"https:\/\/antoniovegaconstructor.com\/ca\/guardons-distincions\/","title":{"rendered":"Guardons i distincions"},"content":{"rendered":"<p>Des de fa m\u00e9s de dues d\u00e8cades, a Antonio Vega constructor vetllem per a fer realitat projectes ben diversos i amb un denominador com\u00fa: la m\u00e0xima qualitat en la materialitzaci\u00f3 de l&#8217;obra i un acurat respecte per a l&#8217;entorn. Fruit d&#8217;aquest treball hem rebut diversos premis i distincions.<\/p>\n<ul>\n<li>Premi Biennal d&#8217;Arquitectura Alejandro de la Sota 2015, convocat per la demarcaci\u00f3 a Tarragona del Col\u00b7legi d&#8217;Arquitectes de Catalunya.<\/li>\n<li>Premi finalista d&#8217;edificis de nova planta atorgat a la Biennal d&#8217;Arquitectura Alejandro de la Sota 2001, convocat per la demarcaci\u00f3 a Tarragona del Col\u00b7legi d&#8217;Arquitectes de Catalunya, demarcaci\u00f3 de Tarragona.<\/li>\n<li>Premi &#8220;Primer Client&#8221; atorgat per Tecnol.<\/li>\n<\/ul>\n<p><\/p>","protected":false},"excerpt":{"rendered":"<p>Des de fa m\u00e9s de dues d\u00e8cades, a Antonio Vega constructor vetllem per a fer realitat projectes ben diversos i amb un denominador com\u00fa: la m\u00e0xima qualitat en la materialitzaci\u00f3 de l&#8217;obra i un acurat respecte per a l&#8217;entorn. Fruit d&#8217;aquest treball hem rebut diversos premis i distincions. Premi Biennal d&#8217;Arquitectura Alejandro de la Sota [&hellip;]<\/p>\n","protected":false},"author":1,"featured_media":0,"parent":0,"menu_order":0,"comment_status":"closed","ping_status":"closed","template":"","meta":{"footnotes":""},"class_list":["post-183","page","type-page","status-publish","hentry"],"_links":{"self":[{"href":"https:\/\/antoniovegaconstructor.com\/ca\/wp-json\/wp\/v2\/pages\/183","targetHints":{"allow":["GET"]}}],"collection":[{"href":"https:\/\/antoniovegaconstructor.com\/ca\/wp-json\/wp\/v2\/pages"}],"about":[{"href":"https:\/\/antoniovegaconstructor.com\/ca\/wp-json\/wp\/v2\/types\/page"}],"author":[{"embeddable":true,"href":"https:\/\/antoniovegaconstructor.com\/ca\/wp-json\/wp\/v2\/users\/1"}],"replies":[{"embeddable":true,"href":"https:\/\/antoniovegaconstructor.com\/ca\/wp-json\/wp\/v2\/comments?post=183"}],"version-history":[{"count":10,"href":"https:\/\/antoniovegaconstructor.com\/ca\/wp-json\/wp\/v2\/pages\/183\/revisions"}],"predecessor-version":[{"id":385,"href":"https:\/\/antoniovegaconstructor.com\/ca\/wp-json\/wp\/v2\/pages\/183\/revisions\/385"}],"wp:attachment":[{"href":"https:\/\/antoniovegaconstructor.com\/ca\/wp-json\/wp\/v2\/media?parent=183"}],"curies":[{"name":"wp","href":"https:\/\/api.w.org\/{rel}","templated":true}]}}