{"id":2,"date":"2015-08-19T06:28:46","date_gmt":"2015-08-19T06:28:46","guid":{"rendered":"http:\/\/antoniovegaconstructor.com\/?page_id=2"},"modified":"2015-09-22T14:00:34","modified_gmt":"2015-09-22T14:00:34","slug":"antoniovega","status":"publish","type":"page","link":"https:\/\/antoniovegaconstructor.com\/ca\/antoniovega\/","title":{"rendered":"Antonio Vega Constructor"},"content":{"rendered":"<p>Amb m\u00e9s de vint anys d&#8217;experi\u00e8ncia, a Antonio Vega Constructor treballem per a construir els teus somnis. Ens agrada bastir les noves obres en un proc\u00e9s constant de col\u00b7laboraci\u00f3 amb l\u2019arquitecte que la dissenya i els propietaris que hauran de gaudir-la,\u00a0posant l\u2019accent en els acabats, l\u2019\u00fas de materials d\u2019alta gamma i la materialitzaci\u00f3 d&#8217;intervencions\u00a0i rehabilitacions amb un segell propi.<\/p>\n<p>A Antonio Vega Constructor estem especialitzats en\u00a0la construcci\u00f3 d\u2019obra nova i tamb\u00e9 amb la realitzaci\u00f3 de processos de rehabilitaci\u00f3 i reconstrucci\u00f3 executats amb el m\u00e0xim respecte i conservaci\u00f3. Comptem amb el suport de petits\u00a0artesans i productors del Camp de Tarragona,\u00a0que treballen\u00a0amb la m\u00e0xima qualitat i garantia.<\/p>","protected":false},"excerpt":{"rendered":"<p>Amb m\u00e9s de vint anys d&#8217;experi\u00e8ncia, a Antonio Vega Constructor treballem per a construir els teus somnis. Ens agrada bastir les noves obres en un proc\u00e9s constant de col\u00b7laboraci\u00f3 amb l\u2019arquitecte que la dissenya i els propietaris que hauran de gaudir-la,\u00a0posant l\u2019accent en els acabats, l\u2019\u00fas de materials d\u2019alta gamma i la materialitzaci\u00f3 d&#8217;intervencions\u00a0i rehabilitacions [&hellip;]<\/p>\n","protected":false},"author":1,"featured_media":0,"parent":0,"menu_order":0,"comment_status":"closed","ping_status":"closed","template":"","meta":{"footnotes":""},"class_list":["post-2","page","type-page","status-publish","hentry"],"_links":{"self":[{"href":"https:\/\/antoniovegaconstructor.com\/ca\/wp-json\/wp\/v2\/pages\/2","targetHints":{"allow":["GET"]}}],"collection":[{"href":"https:\/\/antoniovegaconstructor.com\/ca\/wp-json\/wp\/v2\/pages"}],"about":[{"href":"https:\/\/antoniovegaconstructor.com\/ca\/wp-json\/wp\/v2\/types\/page"}],"author":[{"embeddable":true,"href":"https:\/\/antoniovegaconstructor.com\/ca\/wp-json\/wp\/v2\/users\/1"}],"replies":[{"embeddable":true,"href":"https:\/\/antoniovegaconstructor.com\/ca\/wp-json\/wp\/v2\/comments?post=2"}],"version-history":[{"count":16,"href":"https:\/\/antoniovegaconstructor.com\/ca\/wp-json\/wp\/v2\/pages\/2\/revisions"}],"predecessor-version":[{"id":383,"href":"https:\/\/antoniovegaconstructor.com\/ca\/wp-json\/wp\/v2\/pages\/2\/revisions\/383"}],"wp:attachment":[{"href":"https:\/\/antoniovegaconstructor.com\/ca\/wp-json\/wp\/v2\/media?parent=2"}],"curies":[{"name":"wp","href":"https:\/\/api.w.org\/{rel}","templated":true}]}}