{"id":183,"date":"2015-09-16T05:04:00","date_gmt":"2015-09-16T05:04:00","guid":{"rendered":"http:\/\/antoniovegaconstructor.com\/?page_id=183"},"modified":"2015-09-22T14:10:31","modified_gmt":"2015-09-22T14:10:31","slug":"guardons-distincions","status":"publish","type":"page","link":"https:\/\/antoniovegaconstructor.com\/es\/guardons-distincions\/","title":{"rendered":"Premios y distinciones"},"content":{"rendered":"<p><\/p>\n<p style=\"text-align: left;\">Desde hace m\u00e1s de dos d\u00e9cadas, en Antonio Vega constructor velamos para hacer realidad proyectos muy distintos\u00a0y con un denominador com\u00fan: la m\u00e1xima calidad en la materializaci\u00f3n de la obra adem\u00e1s de un cuidadoso respeto por el entorno. Fruto de este trabajo hemos recibido varios premios y distinciones.<\/p>\n<ul>\n<li>Premio\u00a0Biennal de Arquitectura Alejandro de la Sota 2015, convocado por la demarcaci\u00f3n de Tarragona del Col\u00b7legi d&#8217;Arquitectes de Catalunya.<\/li>\n<li>Premio\u00a0finalista de edificios de nueva planta otorgado en la Biennal d&#8217;Arquitectura Alejandro de la Sota 2001, convocado por la demarcaci\u00f3n de Tarragona el Col\u00b7legi d&#8217;Arquitectes de Catalunya, demarcaci\u00f3 de Tarragona.<\/li>\n<li>Premio\u00a0\u00abPrimer Cliente\u00bb otorgado por Tecnol.<\/li>\n<\/ul>\n<p><\/p>","protected":false},"excerpt":{"rendered":"<p>Desde hace m\u00e1s de dos d\u00e9cadas, en Antonio Vega constructor velamos para hacer realidad proyectos muy distintos\u00a0y con un denominador com\u00fan: la m\u00e1xima calidad en la materializaci\u00f3n de la obra adem\u00e1s de un cuidadoso respeto por el entorno. Fruto de este trabajo hemos recibido varios premios y distinciones. Premio\u00a0Biennal de Arquitectura Alejandro de la Sota [&hellip;]<\/p>\n","protected":false},"author":1,"featured_media":0,"parent":0,"menu_order":0,"comment_status":"closed","ping_status":"closed","template":"","meta":{"footnotes":""},"class_list":["post-183","page","type-page","status-publish","hentry"],"_links":{"self":[{"href":"https:\/\/antoniovegaconstructor.com\/es\/wp-json\/wp\/v2\/pages\/183","targetHints":{"allow":["GET"]}}],"collection":[{"href":"https:\/\/antoniovegaconstructor.com\/es\/wp-json\/wp\/v2\/pages"}],"about":[{"href":"https:\/\/antoniovegaconstructor.com\/es\/wp-json\/wp\/v2\/types\/page"}],"author":[{"embeddable":true,"href":"https:\/\/antoniovegaconstructor.com\/es\/wp-json\/wp\/v2\/users\/1"}],"replies":[{"embeddable":true,"href":"https:\/\/antoniovegaconstructor.com\/es\/wp-json\/wp\/v2\/comments?post=183"}],"version-history":[{"count":10,"href":"https:\/\/antoniovegaconstructor.com\/es\/wp-json\/wp\/v2\/pages\/183\/revisions"}],"predecessor-version":[{"id":385,"href":"https:\/\/antoniovegaconstructor.com\/es\/wp-json\/wp\/v2\/pages\/183\/revisions\/385"}],"wp:attachment":[{"href":"https:\/\/antoniovegaconstructor.com\/es\/wp-json\/wp\/v2\/media?parent=183"}],"curies":[{"name":"wp","href":"https:\/\/api.w.org\/{rel}","templated":true}]}}