{"id":2,"date":"2015-08-19T06:28:46","date_gmt":"2015-08-19T06:28:46","guid":{"rendered":"http:\/\/antoniovegaconstructor.com\/?page_id=2"},"modified":"2015-09-22T14:00:34","modified_gmt":"2015-09-22T14:00:34","slug":"antoniovega","status":"publish","type":"page","link":"https:\/\/antoniovegaconstructor.com\/es\/antoniovega\/","title":{"rendered":"Antonio Vega Constructor"},"content":{"rendered":"<p>Con m\u00e1s de veinte a\u00f1os de experiencia, en Antonio Vega Constructor trabajamos para construir tus sue\u00f1os. Nos gusta realizar las nuevas obras en un proceso constante de colaboraci\u00f3n con el arquitecto que la dise\u00f1a y los propietarios que podr\u00e1n disfrutarla, haciendo hincapi\u00e9 en los acabados, el uso de materiales de alta gama y la materializaci\u00f3n de intervenciones y rehabilitaciones con un sello propio.<\/p>\n<p>En Antonio Vega Constructor estamos especializados en la construcci\u00f3n de obra nueva y tambi\u00e9n con la realizaci\u00f3n de procesos de rehabilitaci\u00f3n y reconstrucci\u00f3n con el m\u00e1ximo respeto y conservaci\u00f3n. Adem\u00e1s contamos con el apoyo de peque\u00f1os artesanos y productores del Camp de Tarragona, que\u00a0trabajan con la m\u00e1xima calidad y garant\u00eda.<\/p>","protected":false},"excerpt":{"rendered":"<p>Con m\u00e1s de veinte a\u00f1os de experiencia, en Antonio Vega Constructor trabajamos para construir tus sue\u00f1os. Nos gusta realizar las nuevas obras en un proceso constante de colaboraci\u00f3n con el arquitecto que la dise\u00f1a y los propietarios que podr\u00e1n disfrutarla, haciendo hincapi\u00e9 en los acabados, el uso de materiales de alta gama y la materializaci\u00f3n [&hellip;]<\/p>\n","protected":false},"author":1,"featured_media":0,"parent":0,"menu_order":0,"comment_status":"closed","ping_status":"closed","template":"","meta":{"footnotes":""},"class_list":["post-2","page","type-page","status-publish","hentry"],"_links":{"self":[{"href":"https:\/\/antoniovegaconstructor.com\/es\/wp-json\/wp\/v2\/pages\/2","targetHints":{"allow":["GET"]}}],"collection":[{"href":"https:\/\/antoniovegaconstructor.com\/es\/wp-json\/wp\/v2\/pages"}],"about":[{"href":"https:\/\/antoniovegaconstructor.com\/es\/wp-json\/wp\/v2\/types\/page"}],"author":[{"embeddable":true,"href":"https:\/\/antoniovegaconstructor.com\/es\/wp-json\/wp\/v2\/users\/1"}],"replies":[{"embeddable":true,"href":"https:\/\/antoniovegaconstructor.com\/es\/wp-json\/wp\/v2\/comments?post=2"}],"version-history":[{"count":16,"href":"https:\/\/antoniovegaconstructor.com\/es\/wp-json\/wp\/v2\/pages\/2\/revisions"}],"predecessor-version":[{"id":383,"href":"https:\/\/antoniovegaconstructor.com\/es\/wp-json\/wp\/v2\/pages\/2\/revisions\/383"}],"wp:attachment":[{"href":"https:\/\/antoniovegaconstructor.com\/es\/wp-json\/wp\/v2\/media?parent=2"}],"curies":[{"name":"wp","href":"https:\/\/api.w.org\/{rel}","templated":true}]}}